{"id":195,"date":"2023-03-20T21:21:12","date_gmt":"2023-03-21T00:21:12","guid":{"rendered":"http:\/\/choique.net\/wp\/?page_id=195"},"modified":"2023-04-30T23:01:24","modified_gmt":"2023-05-01T02:01:24","slug":"termas-de-el-sosneado","status":"publish","type":"page","link":"https:\/\/choique.net\/wp\/excursiones-aventura\/termas-de-el-sosneado\/","title":{"rendered":"Termas de El Sosneado"},"content":{"rendered":"\n<p class=\"has-text-align-justify\" style=\"font-size:22px\">Ubicado a tan s\u00f3lo 60 km de la Ruta Nacional 40 en el departamento de San Rafael, el imponente Volc\u00e1n El Sosneado ( \u201cen donde primero se ve el sol\u201d) de 5169 msnm es el pico m\u00e1s austral en superar los 5000 msnm de la cordillera de los Andes. A partir de aqu\u00ed, la misma comienza a perder en altura, hasta convertirse en una planicie hacia el sur de la Rep\u00fablica Argentina. En esta zona (Valle de Las Lagrimas) ocurri\u00f3 el triste hecho protagonizado por el equipo de rugby uruguayo Old Christian, quienes sufrieron un terrible accidente a\u00e9reo en el a\u00f1o 1972, el cual dio origen a la conocida pel\u00edcula &#8220;Viven&#8221;.<\/p>\n\n\n\n<p class=\"has-text-align-justify\" style=\"font-size:22px\">La zona del Sosneado es ideal para la practica actividades de deportes aventura. Trekking, cabalgatas y mountain bike. Y para aquellos que necesiten un momento de relax, en el marco imponente que ofrece la Cordillera, es recomendable tomar un ba\u00f1o termal en las piletas al aire libre de \u201cLas Termas del Sosneado\u201d, las que han tomado fama por la calidad de sus aguas y sus poderes curativos.<\/p>\n\n\n\n<h3 class=\"wp-block-heading has-text-align-justify\" style=\"font-size:22px\">Recomendaciones<\/h3>\n\n\n\n<p class=\"has-text-align-justify\" style=\"font-size:22px\">La zona a visitar es Alta Monta\u00f1a. Hay que llevar abrigo y calzado adecuado para realizar caminatas. Adem\u00e1s, llevar sombrero o gorro para sol, protector solar y agua.<\/p>\n\n\n\n<h3 class=\"wp-block-heading has-text-align-justify\" style=\"font-size:22px\">Duraci\u00f3n de la Excursi\u00f3n<\/h3>\n\n\n\n<p class=\"has-text-align-justify\" style=\"font-size:22px\">Dependiendo de las condiciones clim\u00e1ticas y camino, la duraci\u00f3n m\u00ednima es de entre 10 y 12 hs. desde el inicio y el regreso hasta Malarg\u00fce.<\/p>\n\n\n\n<figure class=\"wp-block-image size-full\"><img loading=\"lazy\" decoding=\"async\" width=\"720\" height=\"540\" src=\"http:\/\/choique.net\/wp\/wp-content\/uploads\/2023\/04\/Termas-del-sosneado.jpg\" alt=\"\" class=\"wp-image-502\" srcset=\"https:\/\/choique.net\/wp\/wp-content\/uploads\/2023\/04\/Termas-del-sosneado.jpg 720w, https:\/\/choique.net\/wp\/wp-content\/uploads\/2023\/04\/Termas-del-sosneado-300x225.jpg 300w\" sizes=\"auto, (max-width: 720px) 100vw, 720px\" \/><\/figure>\n","protected":false},"excerpt":{"rendered":"<p>Ubicado a tan s\u00f3lo 60 km de la Ruta Nacional 40 en el departamento de San Rafael, el imponente Volc\u00e1n El Sosneado ( \u201cen donde&hellip;<\/p>\n","protected":false},"author":1,"featured_media":502,"parent":211,"menu_order":0,"comment_status":"closed","ping_status":"closed","template":"","meta":{"_editorskit_title_hidden":false,"_editorskit_reading_time":0,"_editorskit_is_block_options_detached":false,"_editorskit_block_options_position":"{}","footnotes":""},"class_list":["post-195","page","type-page","status-publish","has-post-thumbnail","hentry"],"_links":{"self":[{"href":"https:\/\/choique.net\/wp\/wp-json\/wp\/v2\/pages\/195","targetHints":{"allow":["GET"]}}],"collection":[{"href":"https:\/\/choique.net\/wp\/wp-json\/wp\/v2\/pages"}],"about":[{"href":"https:\/\/choique.net\/wp\/wp-json\/wp\/v2\/types\/page"}],"author":[{"embeddable":true,"href":"https:\/\/choique.net\/wp\/wp-json\/wp\/v2\/users\/1"}],"replies":[{"embeddable":true,"href":"https:\/\/choique.net\/wp\/wp-json\/wp\/v2\/comments?post=195"}],"version-history":[{"count":4,"href":"https:\/\/choique.net\/wp\/wp-json\/wp\/v2\/pages\/195\/revisions"}],"predecessor-version":[{"id":503,"href":"https:\/\/choique.net\/wp\/wp-json\/wp\/v2\/pages\/195\/revisions\/503"}],"up":[{"embeddable":true,"href":"https:\/\/choique.net\/wp\/wp-json\/wp\/v2\/pages\/211"}],"wp:featuredmedia":[{"embeddable":true,"href":"https:\/\/choique.net\/wp\/wp-json\/wp\/v2\/media\/502"}],"wp:attachment":[{"href":"https:\/\/choique.net\/wp\/wp-json\/wp\/v2\/media?parent=195"}],"curies":[{"name":"wp","href":"https:\/\/api.w.org\/{rel}","templated":true}]}}