{"id":201,"date":"2023-03-20T21:22:19","date_gmt":"2023-03-21T00:22:19","guid":{"rendered":"http:\/\/choique.net\/wp\/?page_id=201"},"modified":"2023-04-30T23:22:32","modified_gmt":"2023-05-01T02:22:32","slug":"safaris-fotograficos","status":"publish","type":"page","link":"https:\/\/choique.net\/wp\/especiales\/safaris-fotograficos\/","title":{"rendered":"Safaris Fotogr\u00e1ficos \/ Filmaciones"},"content":{"rendered":"\n<p class=\"has-text-align-justify\" style=\"font-size:22px\">Los paisajes de Malarg\u00fce brindan la posibilidad de realizar safaris fotogr\u00e1ficos con un gu\u00eda experto y la asistencia de profesionales de la fotograf\u00eda, para lograr una experiencia \u00fanica coordinando las necesidades puntuales de cada toma o locaci\u00f3n en particular.<\/p>\n\n\n\n<h3 class=\"wp-block-heading\">Nuestros Servicios<\/h3>\n\n\n\n<ul class=\"wp-block-list\">\n<li style=\"font-size:22px\">Con los profesionales de Choique Turismo Alternativo\u00ae brindamos apoyo para profesionales de la fotograf\u00eda, organizaci\u00f3n de safaris fotogr\u00e1ficos y para equipos de filmaci\u00f3n de documentales o con fines de estudio cient\u00edfico.<\/li>\n\n\n\n<li style=\"font-size:22px\">Gran variedad de locaciones y recursos paisaj\u00ecsticos; flora, fauna, relieve e hidrograf\u00eda.<\/li>\n\n\n\n<li style=\"font-size:22px\">Asistencia de profesionales con experiencia en fotograf\u00eda y filmaciones.<br>Opcional<\/li>\n\n\n\n<li style=\"font-size:22px\">Alojamiento en EcoMalarg\u00fce Posada &amp; Hostel, miembro de Hosteling International.<\/li>\n<\/ul>\n","protected":false},"excerpt":{"rendered":"<p>Los paisajes de Malarg\u00fce brindan la posibilidad de realizar safaris fotogr\u00e1ficos con un gu\u00eda experto y la asistencia de profesionales de la fotograf\u00eda, para lograr&hellip;<\/p>\n","protected":false},"author":1,"featured_media":268,"parent":423,"menu_order":0,"comment_status":"closed","ping_status":"closed","template":"","meta":{"_editorskit_title_hidden":false,"_editorskit_reading_time":0,"_editorskit_is_block_options_detached":false,"_editorskit_block_options_position":"{}","footnotes":""},"class_list":["post-201","page","type-page","status-publish","has-post-thumbnail","hentry"],"_links":{"self":[{"href":"https:\/\/choique.net\/wp\/wp-json\/wp\/v2\/pages\/201","targetHints":{"allow":["GET"]}}],"collection":[{"href":"https:\/\/choique.net\/wp\/wp-json\/wp\/v2\/pages"}],"about":[{"href":"https:\/\/choique.net\/wp\/wp-json\/wp\/v2\/types\/page"}],"author":[{"embeddable":true,"href":"https:\/\/choique.net\/wp\/wp-json\/wp\/v2\/users\/1"}],"replies":[{"embeddable":true,"href":"https:\/\/choique.net\/wp\/wp-json\/wp\/v2\/comments?post=201"}],"version-history":[{"count":6,"href":"https:\/\/choique.net\/wp\/wp-json\/wp\/v2\/pages\/201\/revisions"}],"predecessor-version":[{"id":581,"href":"https:\/\/choique.net\/wp\/wp-json\/wp\/v2\/pages\/201\/revisions\/581"}],"up":[{"embeddable":true,"href":"https:\/\/choique.net\/wp\/wp-json\/wp\/v2\/pages\/423"}],"wp:featuredmedia":[{"embeddable":true,"href":"https:\/\/choique.net\/wp\/wp-json\/wp\/v2\/media\/268"}],"wp:attachment":[{"href":"https:\/\/choique.net\/wp\/wp-json\/wp\/v2\/media?parent=201"}],"curies":[{"name":"wp","href":"https:\/\/api.w.org\/{rel}","templated":true}]}}